{"id":43,"date":"2023-12-25T19:36:39","date_gmt":"2023-12-25T19:36:39","guid":{"rendered":"http:\/\/grekamprodukt.com\/?page_id=43"},"modified":"2025-04-16T09:24:31","modified_gmt":"2025-04-16T09:24:31","slug":"grekam-produkt","status":"publish","type":"page","link":"https:\/\/grekamprodukt.com\/","title":{"rendered":"Grekam Produkt"},"content":{"rendered":"\n<div class=\"wp-block-cover alignfull has-parallax\" style=\"min-height:512px;aspect-ratio:unset;\"><div class=\"wp-block-cover__image-background wp-image-46 has-parallax\" style=\"background-position:50% 50%;background-image:url(http:\/\/grekamprodukt.com\/wp-content\/uploads\/2023\/12\/h1_image.jpg)\"><\/div><span aria-hidden=\"true\" class=\"wp-block-cover__background has-background-dim\"><\/span><div class=\"wp-block-cover__inner-container is-layout-flow wp-block-cover-is-layout-flow\">\n<h1 class=\"wp-block-heading has-text-align-center\" style=\"font-size:clamp(2.629rem, 2.629rem + ((1vw - 0.2rem) * 3.952), 5rem);font-style:normal;font-weight:700\">GREKAM PRODUKT<\/h1>\n\n\n\n<p class=\"has-text-align-center has-large-font-size\"><strong>NAGROBKI I ELEMENTY GRANITOWE \u017bARY<\/strong> <strong>BOGUMI\u0141\u00d3W<\/strong><\/p>\n\n\n\n<div style=\"height:0px\" aria-hidden=\"true\" class=\"wp-block-spacer\"><\/div>\n<\/div><\/div>\n\n\n\n<div style=\"height:86px\" aria-hidden=\"true\" class=\"wp-block-spacer\"><\/div>\n\n\n\n<div class=\"wp-block-media-text alignwide is-stacked-on-mobile is-vertically-aligned-center is-image-fill-element\" style=\"margin-top:0;margin-right:0;margin-bottom:0;margin-left:0;padding-top:0;padding-right:0;padding-bottom:0;padding-left:0\"><figure class=\"wp-block-media-text__media\"><img loading=\"lazy\" decoding=\"async\" width=\"500\" height=\"701\" src=\"http:\/\/grekamprodukt.com\/wp-content\/uploads\/2023\/12\/main_image.jpg\" alt=\"\" class=\"wp-image-61 size-full\" style=\"object-position:46% 6%\" srcset=\"https:\/\/grekamprodukt.com\/wp-content\/uploads\/2023\/12\/main_image.jpg 500w, https:\/\/grekamprodukt.com\/wp-content\/uploads\/2023\/12\/main_image-214x300.jpg 214w\" sizes=\"auto, (max-width: 500px) 100vw, 500px\" \/><\/figure><div class=\"wp-block-media-text__content\">\n<p class=\"has-large-font-size\"><strong>O nas<\/strong><\/p>\n\n\n\n<p class=\"has-text-align-left\">Zawsze stawiamy na rozw\u00f3j, maj\u0105c na uwadze przede wszystkim wysok\u0105 jako\u015b\u0107 naszych produkt\u00f3w oraz zadowolenie odbiorc\u00f3w. Nasza strategia w budowie wizerunku firmy oparta jest na indywidualnym podej\u015bciu do potrzeb ka\u017cdego klienta. Podczas ca\u0142ego procesu zamawiania towaru s\u0142u\u017cymy fachowym doradztwem, zaczynaj\u0105c od wsp\u00f3lnie uzgodnionego projektu, poprzez wyb\u00f3r materia\u0142u, a ko\u0144cz\u0105c na fachowym monta\u017cu. Wszystkie nasze dzia\u0142ania podporz\u0105dkowane s\u0105 ko\u0144cowemu efektowi w postaci najwy\u017cszej jako\u015bci us\u0142ug i zadowolenia inwestor\u00f3w.<\/p>\n<\/div><\/div>\n\n\n\n<div style=\"height:70px\" aria-hidden=\"true\" class=\"wp-block-spacer\"><\/div>\n\n\n\n<hr class=\"wp-block-separator alignfull has-alpha-channel-opacity is-style-wide\" style=\"margin-top:0;margin-bottom:0\"\/>\n\n\n\n<div class=\"wp-block-columns alignfull are-vertically-aligned-center has-base-2-background-color has-background is-layout-flex wp-container-core-columns-is-layout-e1600364 wp-block-columns-is-layout-flex\" style=\"margin-top:0;margin-bottom:0\">\n<div class=\"wp-block-column is-vertically-aligned-center is-layout-flow wp-block-column-is-layout-flow\">\n<figure class=\"wp-block-image aligncenter size-full is-resized wp-duotone-f9f9f9-f9f9f9-1\"><img loading=\"lazy\" decoding=\"async\" width=\"512\" height=\"512\" src=\"http:\/\/grekamprodukt.com\/wp-content\/uploads\/2023\/12\/speech-bubble.png\" alt=\"\" class=\"wp-image-73\" style=\"object-fit:cover;width:200px;height:200px\" srcset=\"https:\/\/grekamprodukt.com\/wp-content\/uploads\/2023\/12\/speech-bubble.png 512w, https:\/\/grekamprodukt.com\/wp-content\/uploads\/2023\/12\/speech-bubble-300x300.png 300w, https:\/\/grekamprodukt.com\/wp-content\/uploads\/2023\/12\/speech-bubble-150x150.png 150w\" sizes=\"auto, (max-width: 512px) 100vw, 512px\" \/><\/figure>\n\n\n\n<p class=\"has-text-align-center\" style=\"font-size:clamp(1.039rem, 1.039rem + ((1vw - 0.2rem) * 0.935), 1.6rem);\"><strong>Profesjonalne doradztwo!<\/strong><\/p>\n<\/div>\n\n\n\n<div class=\"wp-block-column is-vertically-aligned-center is-layout-flow wp-block-column-is-layout-flow\">\n<figure class=\"wp-block-image aligncenter size-full is-resized wp-duotone-f9f9f9-f9f9f9-2\"><img loading=\"lazy\" decoding=\"async\" width=\"512\" height=\"512\" src=\"http:\/\/grekamprodukt.com\/wp-content\/uploads\/2023\/12\/phone-call.png\" alt=\"\" class=\"wp-image-76\" style=\"object-fit:cover;width:200px;height:200px\" srcset=\"https:\/\/grekamprodukt.com\/wp-content\/uploads\/2023\/12\/phone-call.png 512w, https:\/\/grekamprodukt.com\/wp-content\/uploads\/2023\/12\/phone-call-300x300.png 300w, https:\/\/grekamprodukt.com\/wp-content\/uploads\/2023\/12\/phone-call-150x150.png 150w\" sizes=\"auto, (max-width: 512px) 100vw, 512px\" \/><\/figure>\n\n\n\n<p class=\"has-text-align-center\" style=\"font-size:clamp(1.039rem, 1.039rem + ((1vw - 0.2rem) * 0.935), 1.6rem);\"><strong>\u0141atwa komunikacja!<\/strong><\/p>\n<\/div>\n\n\n\n<div class=\"wp-block-column is-vertically-aligned-center is-layout-flow wp-block-column-is-layout-flow\">\n<figure class=\"wp-block-image aligncenter size-full is-resized wp-duotone-f9f9f9-f9f9f9-3\"><img loading=\"lazy\" decoding=\"async\" width=\"512\" height=\"512\" src=\"http:\/\/grekamprodukt.com\/wp-content\/uploads\/2023\/12\/choice.png\" alt=\"\" class=\"wp-image-78\" style=\"object-fit:cover;width:200px;height:200px\" srcset=\"https:\/\/grekamprodukt.com\/wp-content\/uploads\/2023\/12\/choice.png 512w, https:\/\/grekamprodukt.com\/wp-content\/uploads\/2023\/12\/choice-300x300.png 300w, https:\/\/grekamprodukt.com\/wp-content\/uploads\/2023\/12\/choice-150x150.png 150w\" sizes=\"auto, (max-width: 512px) 100vw, 512px\" \/><\/figure>\n\n\n\n<p class=\"has-text-align-center\" style=\"font-size:clamp(1.039rem, 1.039rem + ((1vw - 0.2rem) * 0.935), 1.6rem);\"><strong>Szeroki wyb\u00f3r!<\/strong><\/p>\n<\/div>\n<\/div>\n\n\n\n<hr class=\"wp-block-separator alignfull has-alpha-channel-opacity is-style-wide\" style=\"margin-top:0;margin-bottom:0\"\/>\n\n\n\n<div style=\"height:70px\" aria-hidden=\"true\" class=\"wp-block-spacer\"><\/div>\n\n\n\n<div class=\"wp-block-media-text alignwide has-media-on-the-right is-stacked-on-mobile\"><div class=\"wp-block-media-text__content\">\n<p><strong>Granit<\/strong><\/p>\n\n\n\n<p>Granit jest to najbardziej rozpowszechniona ska\u0142a g\u0142\u0119binowa skorupy ziemskiej. Grubo lub \u015brednioziarnista bogata w kwarc i skale\u0144, powstaj\u0105cy przez ch\u0142odzenie magmy na pewnej g\u0142\u0119boko\u015bci pod skorup\u0105 ziemsk\u0105. Powierzchnia tej ska\u0142y jest g\u0142adka i b\u0142yszcz\u0105ca o bardzo zr\u00f3\u017cnicowanej kolorystyce, odporna na zarysowania i warunki atmosferyczne. Jest to w 100% naturalny materia\u0142 stosowany na zewn\u0105trz jak i r\u00f3wnie\u017c wewn\u0105trz pomieszczenia przy wyka\u0144czaniu wn\u0119trz. Nagrobki granitowe ustawiane s\u0105 na murach grobu lub w przypadku grob\u00f3w ziemnych na specjalnych \u017celbetowych  fundamentach co zapewnia im stabilno\u015b\u0107 i trwa\u0142o\u015b\u0107.<\/p>\n<\/div><figure class=\"wp-block-media-text__media\"><img loading=\"lazy\" decoding=\"async\" width=\"999\" height=\"669\" src=\"http:\/\/grekamprodukt.com\/wp-content\/uploads\/2023\/12\/granit.jpg\" alt=\"\" class=\"wp-image-121 size-full\" srcset=\"https:\/\/grekamprodukt.com\/wp-content\/uploads\/2023\/12\/granit.jpg 999w, https:\/\/grekamprodukt.com\/wp-content\/uploads\/2023\/12\/granit-300x201.jpg 300w, https:\/\/grekamprodukt.com\/wp-content\/uploads\/2023\/12\/granit-768x514.jpg 768w\" sizes=\"auto, (max-width: 999px) 100vw, 999px\" \/><\/figure><\/div>\n\n\n\n<div style=\"height:70px\" aria-hidden=\"true\" class=\"wp-block-spacer\"><\/div>\n\n\n\n<h2 class=\"wp-block-heading alignfull has-text-align-center is-style-default\" style=\"font-style:normal;font-weight:700\">PRZYK\u0141ADOWE REALIZACJE<\/h2>\n\n\n\n<div style=\"height:26px\" aria-hidden=\"true\" class=\"wp-block-spacer\"><\/div>\n\n\n\n<figure class=\"wp-block-gallery alignwide has-nested-images columns-default is-cropped wp-block-gallery-4 is-layout-flex wp-block-gallery-is-layout-flex\">\n<figure data-wp-context=\"{&quot;imageId&quot;:&quot;69e4bd037b4d7&quot;}\" data-wp-interactive=\"core\/image\" data-wp-key=\"69e4bd037b4d7\" class=\"wp-block-image size-large wp-lightbox-container\"><img loading=\"lazy\" decoding=\"async\" width=\"768\" height=\"1024\" data-wp-class--hide=\"state.isContentHidden\" data-wp-class--show=\"state.isContentVisible\" data-wp-init=\"callbacks.setButtonStyles\" data-wp-on--click=\"actions.showLightbox\" data-wp-on--load=\"callbacks.setButtonStyles\" data-wp-on-window--resize=\"callbacks.setButtonStyles\" data-id=\"90\" src=\"http:\/\/grekamprodukt.com\/wp-content\/uploads\/2023\/12\/n1-768x1024.jpg\" alt=\"\" class=\"wp-image-90\" srcset=\"https:\/\/grekamprodukt.com\/wp-content\/uploads\/2023\/12\/n1-768x1024.jpg 768w, https:\/\/grekamprodukt.com\/wp-content\/uploads\/2023\/12\/n1-225x300.jpg 225w, https:\/\/grekamprodukt.com\/wp-content\/uploads\/2023\/12\/n1-1152x1536.jpg 1152w, https:\/\/grekamprodukt.com\/wp-content\/uploads\/2023\/12\/n1.jpg 1536w\" sizes=\"auto, (max-width: 768px) 100vw, 768px\" \/><button\n\t\t\tclass=\"lightbox-trigger\"\n\t\t\ttype=\"button\"\n\t\t\taria-haspopup=\"dialog\"\n\t\t\taria-label=\"Enlarge\"\n\t\t\tdata-wp-init=\"callbacks.initTriggerButton\"\n\t\t\tdata-wp-on--click=\"actions.showLightbox\"\n\t\t\tdata-wp-style--right=\"state.imageButtonRight\"\n\t\t\tdata-wp-style--top=\"state.imageButtonTop\"\n\t\t>\n\t\t\t<svg xmlns=\"http:\/\/www.w3.org\/2000\/svg\" width=\"12\" height=\"12\" fill=\"none\" viewBox=\"0 0 12 12\">\n\t\t\t\t<path fill=\"#fff\" d=\"M2 0a2 2 0 0 0-2 2v2h1.5V2a.5.5 0 0 1 .5-.5h2V0H2Zm2 10.5H2a.5.5 0 0 1-.5-.5V8H0v2a2 2 0 0 0 2 2h2v-1.5ZM8 12v-1.5h2a.5.5 0 0 0 .5-.5V8H12v2a2 2 0 0 1-2 2H8Zm2-12a2 2 0 0 1 2 2v2h-1.5V2a.5.5 0 0 0-.5-.5H8V0h2Z\" \/>\n\t\t\t<\/svg>\n\t\t<\/button><\/figure>\n\n\n\n<figure data-wp-context=\"{&quot;imageId&quot;:&quot;69e4bd037b8ee&quot;}\" data-wp-interactive=\"core\/image\" data-wp-key=\"69e4bd037b8ee\" class=\"wp-block-image size-large wp-lightbox-container\"><img loading=\"lazy\" decoding=\"async\" width=\"768\" height=\"1024\" data-wp-class--hide=\"state.isContentHidden\" data-wp-class--show=\"state.isContentVisible\" data-wp-init=\"callbacks.setButtonStyles\" data-wp-on--click=\"actions.showLightbox\" data-wp-on--load=\"callbacks.setButtonStyles\" data-wp-on-window--resize=\"callbacks.setButtonStyles\" data-id=\"92\" src=\"http:\/\/grekamprodukt.com\/wp-content\/uploads\/2023\/12\/n3-768x1024.jpg\" alt=\"\" class=\"wp-image-92\" srcset=\"https:\/\/grekamprodukt.com\/wp-content\/uploads\/2023\/12\/n3-768x1024.jpg 768w, https:\/\/grekamprodukt.com\/wp-content\/uploads\/2023\/12\/n3-225x300.jpg 225w, https:\/\/grekamprodukt.com\/wp-content\/uploads\/2023\/12\/n3-1152x1536.jpg 1152w, https:\/\/grekamprodukt.com\/wp-content\/uploads\/2023\/12\/n3.jpg 1536w\" sizes=\"auto, (max-width: 768px) 100vw, 768px\" \/><button\n\t\t\tclass=\"lightbox-trigger\"\n\t\t\ttype=\"button\"\n\t\t\taria-haspopup=\"dialog\"\n\t\t\taria-label=\"Enlarge\"\n\t\t\tdata-wp-init=\"callbacks.initTriggerButton\"\n\t\t\tdata-wp-on--click=\"actions.showLightbox\"\n\t\t\tdata-wp-style--right=\"state.imageButtonRight\"\n\t\t\tdata-wp-style--top=\"state.imageButtonTop\"\n\t\t>\n\t\t\t<svg xmlns=\"http:\/\/www.w3.org\/2000\/svg\" width=\"12\" height=\"12\" fill=\"none\" viewBox=\"0 0 12 12\">\n\t\t\t\t<path fill=\"#fff\" d=\"M2 0a2 2 0 0 0-2 2v2h1.5V2a.5.5 0 0 1 .5-.5h2V0H2Zm2 10.5H2a.5.5 0 0 1-.5-.5V8H0v2a2 2 0 0 0 2 2h2v-1.5ZM8 12v-1.5h2a.5.5 0 0 0 .5-.5V8H12v2a2 2 0 0 1-2 2H8Zm2-12a2 2 0 0 1 2 2v2h-1.5V2a.5.5 0 0 0-.5-.5H8V0h2Z\" \/>\n\t\t\t<\/svg>\n\t\t<\/button><\/figure>\n\n\n\n<figure data-wp-context=\"{&quot;imageId&quot;:&quot;69e4bd037bc63&quot;}\" data-wp-interactive=\"core\/image\" data-wp-key=\"69e4bd037bc63\" class=\"wp-block-image size-large wp-lightbox-container\"><img loading=\"lazy\" decoding=\"async\" width=\"768\" height=\"1024\" data-wp-class--hide=\"state.isContentHidden\" data-wp-class--show=\"state.isContentVisible\" data-wp-init=\"callbacks.setButtonStyles\" data-wp-on--click=\"actions.showLightbox\" data-wp-on--load=\"callbacks.setButtonStyles\" data-wp-on-window--resize=\"callbacks.setButtonStyles\" data-id=\"89\" src=\"http:\/\/grekamprodukt.com\/wp-content\/uploads\/2023\/12\/n4-768x1024.jpg\" alt=\"\" class=\"wp-image-89\" srcset=\"https:\/\/grekamprodukt.com\/wp-content\/uploads\/2023\/12\/n4-768x1024.jpg 768w, https:\/\/grekamprodukt.com\/wp-content\/uploads\/2023\/12\/n4-225x300.jpg 225w, https:\/\/grekamprodukt.com\/wp-content\/uploads\/2023\/12\/n4-1152x1536.jpg 1152w, https:\/\/grekamprodukt.com\/wp-content\/uploads\/2023\/12\/n4.jpg 1530w\" sizes=\"auto, (max-width: 768px) 100vw, 768px\" \/><button\n\t\t\tclass=\"lightbox-trigger\"\n\t\t\ttype=\"button\"\n\t\t\taria-haspopup=\"dialog\"\n\t\t\taria-label=\"Enlarge\"\n\t\t\tdata-wp-init=\"callbacks.initTriggerButton\"\n\t\t\tdata-wp-on--click=\"actions.showLightbox\"\n\t\t\tdata-wp-style--right=\"state.imageButtonRight\"\n\t\t\tdata-wp-style--top=\"state.imageButtonTop\"\n\t\t>\n\t\t\t<svg xmlns=\"http:\/\/www.w3.org\/2000\/svg\" width=\"12\" height=\"12\" fill=\"none\" viewBox=\"0 0 12 12\">\n\t\t\t\t<path fill=\"#fff\" d=\"M2 0a2 2 0 0 0-2 2v2h1.5V2a.5.5 0 0 1 .5-.5h2V0H2Zm2 10.5H2a.5.5 0 0 1-.5-.5V8H0v2a2 2 0 0 0 2 2h2v-1.5ZM8 12v-1.5h2a.5.5 0 0 0 .5-.5V8H12v2a2 2 0 0 1-2 2H8Zm2-12a2 2 0 0 1 2 2v2h-1.5V2a.5.5 0 0 0-.5-.5H8V0h2Z\" \/>\n\t\t\t<\/svg>\n\t\t<\/button><\/figure>\n<\/figure>\n\n\n\n<p><\/p>\n\n\n\n<div class=\"wp-block-buttons is-content-justification-center is-layout-flex wp-container-core-buttons-is-layout-22526dd3 wp-block-buttons-is-layout-flex\" style=\"margin-top:0;margin-bottom:0\">\n<div class=\"wp-block-button\"><a class=\"wp-block-button__link wp-element-button\" href=\"http:\/\/grekamprodukt.com\/index.php\/galeria\/\">WI\u0118CEJ<\/a><\/div>\n<\/div>\n\n\n\n<div style=\"height:49px\" aria-hidden=\"true\" class=\"wp-block-spacer\"><\/div>\n\n\n\n<h3 class=\"gb-headline gb-headline-c7abb03b gb-headline-text\"><strong>KOSTKA GRANITOWA<\/strong><\/h3>\n\n\n\n<div style=\"height:37px\" aria-hidden=\"true\" class=\"wp-block-spacer\"><\/div>\n\n\n\n<div class=\"wp-block-media-text alignwide is-stacked-on-mobile has-small-font-size\" style=\"grid-template-columns:49% auto\"><figure class=\"wp-block-media-text__media\"><img loading=\"lazy\" decoding=\"async\" width=\"1024\" height=\"768\" src=\"https:\/\/grekamprodukt.com\/wp-content\/uploads\/2024\/05\/kostka-1024x768.jpg\" alt=\"\" class=\"wp-image-185 size-full\" srcset=\"https:\/\/grekamprodukt.com\/wp-content\/uploads\/2024\/05\/kostka-1024x768.jpg 1024w, https:\/\/grekamprodukt.com\/wp-content\/uploads\/2024\/05\/kostka-300x225.jpg 300w, https:\/\/grekamprodukt.com\/wp-content\/uploads\/2024\/05\/kostka-768x576.jpg 768w, https:\/\/grekamprodukt.com\/wp-content\/uploads\/2024\/05\/kostka-1536x1152.jpg 1536w, https:\/\/grekamprodukt.com\/wp-content\/uploads\/2024\/05\/kostka.jpg 2048w\" sizes=\"auto, (max-width: 1024px) 100vw, 1024px\" \/><\/figure><div class=\"wp-block-media-text__content\">\n<p style=\"font-size:clamp(14px, 0.875rem + ((1vw - 3.2px) * 0.417), 18px);\">Firma Grekamprodukt oferuje kompleksowe us\u0142ugi w zakresie k\u0142adzenia kostki granitowej wok\u00f3\u0142 nagrobk\u00f3w. Nasza specjalno\u015b\u0107 to starannie wykonane prace brukarskie, kt\u00f3re podnosz\u0105 estetyk\u0119 oraz trwa\u0142o\u015b\u0107 miejsc pami\u0119ci. Dzi\u0119ki wieloletniemu do\u015bwiadczeniu i u\u017cyciu najwy\u017cszej jako\u015bci materia\u0142\u00f3w, gwarantujemy solidno\u015b\u0107, precyzj\u0119 oraz elegancki wygl\u0105d ka\u017cdego zlecenia. Zapewniamy indywidualne podej\u015bcie do klienta, szybki czas realizacji oraz konkurencyjne ceny. Skontaktuj si\u0119 z nami, aby uzyska\u0107 profesjonaln\u0105 i rzeteln\u0105 us\u0142ug\u0119, kt\u00f3ra podkre\u015bli wyj\u0105tkowo\u015b\u0107 miejsca pami\u0119ci Twoich bliskich.<\/p>\n<\/div><\/div>\n\n\n\n<div style=\"height:66px\" aria-hidden=\"true\" class=\"wp-block-spacer\"><\/div>\n\n\n\n<div class=\"wp-block-cover alignfull has-parallax\" style=\"min-height:300px;aspect-ratio:unset;\"><div class=\"wp-block-cover__image-background wp-image-104 has-parallax\" style=\"background-position:50% 50%;background-image:url(http:\/\/grekamprodukt.com\/wp-content\/uploads\/2023\/12\/kontakt_image-768x1024.jpg)\"><\/div><span aria-hidden=\"true\" class=\"wp-block-cover__background has-background-dim\"><\/span><div class=\"wp-block-cover__inner-container is-layout-flow wp-block-cover-is-layout-flow\">\n<h3 class=\"wp-block-heading has-text-align-center\" style=\"font-size:clamp(2.503rem, 2.503rem + ((1vw - 0.2rem) * 3.662), 4.7rem);\"><strong>KONTAKT<\/strong><\/h3>\n\n\n\n<p class=\"has-text-align-center\" style=\"font-size:clamp(16.293px, 1.018rem + ((1vw - 3.2px) * 0.907), 25px);\">Zapraszamy do kontaktu<\/p>\n\n\n\n<div class=\"wp-block-buttons is-content-justification-center is-layout-flex wp-container-core-buttons-is-layout-a89b3969 wp-block-buttons-is-layout-flex\">\n<div class=\"wp-block-button\"><a class=\"wp-block-button__link has-text-align-center wp-element-button\" href=\"http:\/\/grekamprodukt.com\/index.php\/kontakt\/\">KONTAKT<\/a><\/div>\n<\/div>\n<\/div><\/div>\n","protected":false},"excerpt":{"rendered":"<p>O nas Zawsze stawiamy na rozw\u00f3j, maj\u0105c na uwadze przede wszystkim wysok\u0105 jako\u015b\u0107 naszych produkt\u00f3w oraz zadowolenie odbiorc\u00f3w. Nasza strategia w budowie wizerunku firmy oparta jest na indywidualnym podej\u015bciu do potrzeb ka\u017cdego klienta. Podczas ca\u0142ego procesu zamawiania towaru s\u0142u\u017cymy fachowym doradztwem, zaczynaj\u0105c od wsp\u00f3lnie uzgodnionego projektu, poprzez wyb\u00f3r materia\u0142u, a ko\u0144cz\u0105c na fachowym monta\u017cu. Wszystkie [&hellip;]<\/p>\n","protected":false},"author":1,"featured_media":0,"parent":0,"menu_order":0,"comment_status":"closed","ping_status":"closed","template":"","meta":{"footnotes":""},"class_list":["post-43","page","type-page","status-publish","hentry"],"_links":{"self":[{"href":"https:\/\/grekamprodukt.com\/index.php\/wp-json\/wp\/v2\/pages\/43","targetHints":{"allow":["GET"]}}],"collection":[{"href":"https:\/\/grekamprodukt.com\/index.php\/wp-json\/wp\/v2\/pages"}],"about":[{"href":"https:\/\/grekamprodukt.com\/index.php\/wp-json\/wp\/v2\/types\/page"}],"author":[{"embeddable":true,"href":"https:\/\/grekamprodukt.com\/index.php\/wp-json\/wp\/v2\/users\/1"}],"replies":[{"embeddable":true,"href":"https:\/\/grekamprodukt.com\/index.php\/wp-json\/wp\/v2\/comments?post=43"}],"version-history":[{"count":58,"href":"https:\/\/grekamprodukt.com\/index.php\/wp-json\/wp\/v2\/pages\/43\/revisions"}],"predecessor-version":[{"id":194,"href":"https:\/\/grekamprodukt.com\/index.php\/wp-json\/wp\/v2\/pages\/43\/revisions\/194"}],"wp:attachment":[{"href":"https:\/\/grekamprodukt.com\/index.php\/wp-json\/wp\/v2\/media?parent=43"}],"curies":[{"name":"wp","href":"https:\/\/api.w.org\/{rel}","templated":true}]}}