{"id":55,"date":"2023-12-25T19:56:35","date_gmt":"2023-12-25T19:56:35","guid":{"rendered":"http:\/\/grekamprodukt.com\/?page_id=55"},"modified":"2025-08-13T18:19:14","modified_gmt":"2025-08-13T18:19:14","slug":"kontakt","status":"publish","type":"page","link":"https:\/\/grekamprodukt.com\/index.php\/kontakt\/","title":{"rendered":"Kontakt"},"content":{"rendered":"\n<div style=\"height:50px\" aria-hidden=\"true\" class=\"wp-block-spacer\"><\/div>\n\n\n<div id=\"wpgmza_map\" class=\"wpgmza_map\" data-settings='{\"id\":\"1\",\"map_title\":\"Firma\",\"map_width\":\"100\",\"map_height\":\"400\",\"map_start_lat\":\"51.597686812252505\",\"map_start_lng\":\"15.061225333851635\",\"map_start_location\":\"45.950464398418106,-109.81550500000003\",\"map_start_zoom\":\"12\",\"default_marker\":\"\",\"type\":\"0\",\"alignment\":\"4\",\"directions_enabled\":\"0\",\"styling_enabled\":\"0\",\"styling_json\":\"\",\"active\":\"0\",\"kml\":\"\",\"bicycle\":\"0\",\"traffic\":\"0\",\"dbox\":\"0\",\"dbox_width\":\"\",\"listmarkers\":\"0\",\"listmarkers_advanced\":\"0\",\"filterbycat\":\"0\",\"ugm_enabled\":\"0\",\"ugm_category_enabled\":\"0\",\"fusion\":\"\",\"map_width_type\":\"%\",\"map_height_type\":\"px\",\"mass_marker_support\":\"0\",\"ugm_access\":\"0\",\"order_markers_by\":\"0\",\"order_markers_choice\":\"0\",\"show_user_location\":\"0\",\"default_to\":\"\",\"other_settings\":{\"map_type\":1,\"sl_stroke_color\":\"\",\"sl_fill_color\":\"\",\"sl_stroke_opacity\":\"\",\"sl_fill_opacity\":\"\",\"transport_layer\":false,\"action\":\"wpgmza_save_map\",\"redirect_to\":\"\\\/wp-admin\\\/admin-post.php\",\"map_id\":\"1\",\"http_referer\":\"\\\/wp-admin\\\/admin.php?page=wp-google-maps-menu&amp;amp;action=edit&amp;amp;map_id=1\",\"wpgmza_id\":\"1\",\"wpgmza_start_location\":\"51.597686812252505,15.061225333851635\",\"wpgmza_start_zoom\":\"12\",\"store_locator_enabled\":false,\"store_locator_search_area\":\"radial\",\"wpgmza_store_locator_radius_style\":\"legacy\",\"wpgmza_store_locator_default_radius\":\"10\",\"store_locator_auto_area_max_zoom\":\"\",\"store_locator_distance\":false,\"wpgmza_store_locator_position\":false,\"store_locator_show_distance\":false,\"store_locator_category\":false,\"wpgmza_store_locator_use_their_location\":false,\"wpgmza_store_locator_bounce\":false,\"wpgmza_sl_animation\":null,\"wpgmza_store_locator_hide_before_search\":false,\"store_locator_query_string\":\"\",\"store_locator_location_placeholder\":\"\",\"store_locator_default_address\":\"\",\"store_locator_name_search\":false,\"store_locator_name_string\":\"\",\"store_locator_not_found_message\":\"\",\"wpgmza_map_align\":\"2\",\"jump_to_nearest_marker_on_initialization\":false,\"automatically_pan_to_users_location\":false,\"override_users_location_zoom_level\":false,\"override_users_location_zoom_levels\":\"\",\"show_distance_from_location\":false,\"map_max_zoom\":\"21\",\"map_min_zoom\":\"0\",\"click_open_link\":false,\"fit_maps_bounds_to_markers\":false,\"fit_maps_bounds_to_markers_after_filtering\":false,\"hide_point_of_interest\":false,\"wpgmza_zoom_on_marker_click\":false,\"wpgmza_zoom_on_marker_click_slider\":\"\",\"close_infowindow_on_map_click\":false,\"disable_lightbox_images\":false,\"use_Raw_Jpeg_Coordinates\":false,\"disable_polygon_info_windows\":false,\"enable_marker_ratings\":false,\"only_load_markers_within_viewport\":false,\"iw_primary_color\":\"#000000\",\"iw_accent_color\":\"#000000\",\"iw_text_color\":\"#000000\",\"wpgmza_listmarkers_by\":\"0\",\"wpgmza_marker_listing_position\":false,\"zoom_level_on_marker_listing_override\":false,\"zoom_level_on_marker_listing_click\":\"\",\"marker_listing_disable_zoom\":false,\"datatable_no_result_message\":\"\",\"remove_search_box_datables\":false,\"dataTable_pagination_style\":null,\"datatable_search_string\":\"\",\"datatable_result_start\":\"\",\"datatable_result_of\":\"\",\"datatable_result_to\":\"\",\"datatable_result_total\":\"\",\"datatable_result_show\":\"\",\"datatable_result_entries\":\"\",\"wpgmza_savemap\":\"Save Map \\u00bb\"}}' data-map-id='1' Data-maps-engine='open-layers' data-shortcode-attributes='{\"id\":\"1\"}' style=\"display:block; overflow:auto; width:100%; height:400px; margin-left:auto !important; margin-right:auto; !important; align:center;\"><\/div>\n\n\n\n<div style=\"height:19px\" aria-hidden=\"true\" class=\"wp-block-spacer\"><\/div>\n\n\n\n<hr class=\"wp-block-separator alignfull has-alpha-channel-opacity\"\/>\n\n\n\n<h1 class=\"wp-block-heading has-text-align-center\">KONTAKT<\/h1>\n\n\n\n<div style=\"height:22px\" aria-hidden=\"true\" class=\"wp-block-spacer\"><\/div>\n\n\n<div class=\"gb-container gb-container-418ec220 alignwide\">\n<div class=\"gb-container gb-container-672ad4af\">\n\n<h2 class=\"gb-headline gb-headline-9652c56f gb-headline-text\"><strong>Godziny otwarcia<\/strong><\/h2>\n\n\n\n<p class=\"gb-headline gb-headline-47a1d50b gb-headline-text\">poniedzia\u0142ek \u2013 pi\u0105tek 9:00-20:00<br>sobota 9:00-15:00 <br>niedziela 13:00 -16:00<\/p>\n\n<\/div>\n\n<div class=\"gb-container gb-container-e55c5445\">\n\n<p class=\"gb-headline gb-headline-6ca468f5\"><span class=\"gb-icon\"><svg viewBox=\"0 0 512 512\" xmlns=\"http:\/\/www.w3.org\/2000\/svg\"><path d=\"M164.9 24.6c-7.7-18.6-28-28.5-47.4-23.2l-88 24C12.1 30.2 0 46 0 64C0 311.4 200.6 512 448 512c18 0 33.8-12.1 38.6-29.5l24-88c5.3-19.4-4.6-39.7-23.2-47.4l-96-40c-16.3-6.8-35.2-2.1-46.3 11.6L304.7 368C234.3 334.7 177.3 277.7 144 207.3L193.3 167c13.7-11.2 18.4-30 11.6-46.3l-40-96z\"><\/path><\/svg><\/span><span class=\"gb-headline-text\">698 599 459<\/span><\/p>\n\n\n\n<p class=\"gb-headline gb-headline-33366fef\"><span class=\"gb-icon\"><svg viewBox=\"0 0 512 512\" xmlns=\"http:\/\/www.w3.org\/2000\/svg\"><path d=\"M64 112c-8.8 0-16 7.2-16 16v22.1L220.5 291.7c20.7 17 50.4 17 71.1 0L464 150.1V128c0-8.8-7.2-16-16-16H64zM48 212.2V384c0 8.8 7.2 16 16 16H448c8.8 0 16-7.2 16-16V212.2L322 328.8c-38.4 31.5-93.7 31.5-132 0L48 212.2zM0 128C0 92.7 28.7 64 64 64H448c35.3 0 64 28.7 64 64V384c0 35.3-28.7 64-64 64H64c-35.3 0-64-28.7-64-64V128z\"><\/path><\/svg><\/span><span class=\"gb-headline-text\">grekampro@wp.pl<\/span><\/p>\n\n\n\n<p class=\"gb-headline gb-headline-c8568818\"><span class=\"gb-icon\"><svg viewBox=\"0 0 384 512\" xmlns=\"http:\/\/www.w3.org\/2000\/svg\"><path d=\"M215.7 499.2C267 435 384 279.4 384 192C384 86 298 0 192 0S0 86 0 192c0 87.4 117 243 168.3 307.2c12.3 15.3 35.1 15.3 47.4 0zM192 128a64 64 0 1 1 0 128 64 64 0 1 1 0-128z\"><\/path><\/svg><\/span><span class=\"gb-headline-text\">Bogumi\u0142\u00f3w 1 , 68-200 \u017bary<\/span><\/p>\n\n<\/div>\n\n<div class=\"gb-container gb-container-5366ace7\">\n\n<h2 class=\"gb-headline gb-headline-bd42e7eb gb-headline-text\"><strong>Zaobserwuj nas!<\/strong><\/h2>\n\n\n\n<p class=\"gb-headline gb-headline-0ffd4ee2\"><span class=\"gb-icon\"><svg aria-hidden=\"true\" role=\"img\" height=\"1em\" width=\"1em\" viewBox=\"0 0 512 512\" xmlns=\"http:\/\/www.w3.org\/2000\/svg\"><path fill=\"currentColor\" d=\"M504 256C504 119 393 8 256 8S8 119 8 256c0 123.78 90.69 226.38 209.25 245V327.69h-63V256h63v-54.64c0-62.15 37-96.48 93.67-96.48 27.14 0 55.52 4.84 55.52 4.84v61h-31.28c-30.8 0-40.41 19.12-40.41 38.73V256h68.78l-11 71.69h-57.78V501C413.31 482.38 504 379.78 504 256z\"><\/path><\/svg><\/span><span class=\"gb-headline-text\"><a href=\"https:\/\/www.facebook.com\/profile.php?id=100057310824332\">Facebook<\/a><\/span><\/p>\n\n<\/div>\n<\/div>\n\n\n<hr class=\"wp-block-separator alignfull has-alpha-channel-opacity\"\/>\n\n\n<div class=\"gb-container gb-container-d6b1f036 alignwide\">\n\n<p class=\"gb-headline gb-headline-164f223d gb-headline-text\"><strong>W Grekam Produkt doskonale rozumiemy, jak wa\u017cne jest uczczenie pami\u0119ci bliskich w spos\u00f3b godny i trwa\u0142y. Specjalizujemy si\u0119 w tworzeniu nagrobk\u00f3w, kt\u00f3re \u0142\u0105cz\u0105 w sobie wysok\u0105 jako\u015b\u0107, estetyk\u0119 oraz indywidualne podej\u015bcie do ka\u017cdego projektu. Jeste\u015bmy tu, aby Ci\u0119 wesprze\u0107 i pom\u00f3c w podj\u0119ciu najlepszych decyzji. Skontaktuj si\u0119 z nami ju\u017c dzi\u015b, aby dowiedzie\u0107 si\u0119 wi\u0119cej o naszej ofercie i um\u00f3wi\u0107 si\u0119 na bezp\u0142atn\u0105 konsultacj\u0119.<\/strong><\/p>\n\n<\/div>","protected":false},"excerpt":{"rendered":"<p>KONTAKT Godziny otwarcia poniedzia\u0142ek \u2013 pi\u0105tek 9:00-20:00sobota 9:00-15:00 niedziela 13:00 -16:00 698 599 459 grekampro@wp.pl Bogumi\u0142\u00f3w 1 , 68-200 \u017bary Zaobserwuj nas! Facebook W Grekam Produkt doskonale rozumiemy, jak wa\u017cne jest uczczenie pami\u0119ci bliskich w spos\u00f3b godny i trwa\u0142y. Specjalizujemy si\u0119 w tworzeniu nagrobk\u00f3w, kt\u00f3re \u0142\u0105cz\u0105 w sobie wysok\u0105 jako\u015b\u0107, estetyk\u0119 oraz indywidualne podej\u015bcie do [&hellip;]<\/p>\n","protected":false},"author":1,"featured_media":0,"parent":0,"menu_order":0,"comment_status":"closed","ping_status":"closed","template":"","meta":{"footnotes":""},"class_list":["post-55","page","type-page","status-publish","hentry"],"_links":{"self":[{"href":"https:\/\/grekamprodukt.com\/index.php\/wp-json\/wp\/v2\/pages\/55","targetHints":{"allow":["GET"]}}],"collection":[{"href":"https:\/\/grekamprodukt.com\/index.php\/wp-json\/wp\/v2\/pages"}],"about":[{"href":"https:\/\/grekamprodukt.com\/index.php\/wp-json\/wp\/v2\/types\/page"}],"author":[{"embeddable":true,"href":"https:\/\/grekamprodukt.com\/index.php\/wp-json\/wp\/v2\/users\/1"}],"replies":[{"embeddable":true,"href":"https:\/\/grekamprodukt.com\/index.php\/wp-json\/wp\/v2\/comments?post=55"}],"version-history":[{"count":25,"href":"https:\/\/grekamprodukt.com\/index.php\/wp-json\/wp\/v2\/pages\/55\/revisions"}],"predecessor-version":[{"id":199,"href":"https:\/\/grekamprodukt.com\/index.php\/wp-json\/wp\/v2\/pages\/55\/revisions\/199"}],"wp:attachment":[{"href":"https:\/\/grekamprodukt.com\/index.php\/wp-json\/wp\/v2\/media?parent=55"}],"curies":[{"name":"wp","href":"https:\/\/api.w.org\/{rel}","templated":true}]}}